{"id":31643,"date":"2024-05-01T16:06:46","date_gmt":"2024-05-01T16:06:46","guid":{"rendered":"https:\/\/vidamaior.pt\/?page_id=31643"},"modified":"2024-05-01T16:13:12","modified_gmt":"2024-05-01T16:13:12","slug":"termos-e-condicoes","status":"publish","type":"page","link":"https:\/\/vidamaior.pt\/en\/termos-e-condicoes\/","title":{"rendered":"Terms and Conditions"},"content":{"rendered":"<div data-elementor-type=\"wp-page\" data-elementor-id=\"31643\" class=\"elementor elementor-31643\">\n\t\t\t\t\t\t<section class=\"elementor-section elementor-top-section elementor-element elementor-element-b52d1bc elementor-section-content-bottom elementor-section-boxed elementor-section-height-default elementor-section-height-default\" data-id=\"b52d1bc\" data-element_type=\"section\" data-settings=\"{&quot;background_background&quot;:&quot;classic&quot;}\">\n\t\t\t\t\t\t\t<div class=\"elementor-background-overlay\"><\/div>\n\t\t\t\t\t\t\t<div class=\"elementor-container elementor-column-gap-custom\">\n\t\t\t\t\t<div class=\"elementor-column elementor-col-100 elementor-top-column elementor-element elementor-element-415e6ef elementor-invisible\" data-id=\"415e6ef\" data-element_type=\"column\" data-settings=\"{&quot;animation&quot;:&quot;fadeIn&quot;}\">\n\t\t\t<div class=\"elementor-widget-wrap elementor-element-populated\">\n\t\t\t\t\t\t<section class=\"elementor-section elementor-inner-section elementor-element elementor-element-d9c4fe5 elementor-section-boxed elementor-section-height-default elementor-section-height-default\" data-id=\"d9c4fe5\" data-element_type=\"section\">\n\t\t\t\t\t\t<div class=\"elementor-container elementor-column-gap-default\">\n\t\t\t\t\t<div class=\"elementor-column elementor-col-100 elementor-inner-column elementor-element elementor-element-244cf97\" data-id=\"244cf97\" data-element_type=\"column\">\n\t\t\t<div class=\"elementor-widget-wrap elementor-element-populated\">\n\t\t\t\t\t\t<div class=\"elementor-element elementor-element-11a749d elementor-widget elementor-widget-text-editor\" data-id=\"11a749d\" data-element_type=\"widget\" data-widget_type=\"text-editor.default\">\n\t\t\t\t<div class=\"elementor-widget-container\">\n\t\t\t\t\t\t\t\t\t<p>Terms and Conditions<\/p>\t\t\t\t\t\t\t\t<\/div>\n\t\t\t\t<\/div>\n\t\t\t\t\t<\/div>\n\t\t<\/div>\n\t\t\t\t\t<\/div>\n\t\t<\/section>\n\t\t\t\t\t<\/div>\n\t\t<\/div>\n\t\t\t\t\t<\/div>\n\t\t<\/section>\n\t\t<div class=\"elementor-element elementor-element-3633723 e-flex e-con-boxed e-con e-parent\" data-id=\"3633723\" data-element_type=\"container\">\n\t\t\t\t\t<div class=\"e-con-inner\">\n\t\t\t\t<div class=\"elementor-element elementor-element-ae823b2 elementor-widget elementor-widget-text-editor\" data-id=\"ae823b2\" data-element_type=\"widget\" data-widget_type=\"text-editor.default\">\n\t\t\t\t<div class=\"elementor-widget-container\">\n\t\t\t\t\t\t\t\t\t<p><strong>Introdu\u00e7\u00e3o<\/strong><\/p>\n<p>Os presentes Termos e Condi\u00e7\u00f5es regulam o acesso e utiliza\u00e7\u00e3o do website www.vidamaior.pt, da responsabilidade da Vida Maior, Lda., com sede na Rua D. Segismundo Jos\u00e9 Meneses e Alarc\u00e3o, N\u00ba 32, Carvoeira TVD.<\/p>\n<p>Ao aceder a este website, aceita integralmente estes termos e condi\u00e7\u00f5es. Caso n\u00e3o concorde com algum dos termos aqui descritos, n\u00e3o deve continuar a utilizar o website da Vida Maior.<\/p>\n<p><\/p>\n<p><strong>Cookies<\/strong><\/p>\n<p>Utilizamos cookies para melhorar a sua experi\u00eancia no nosso website. Ao usar o website da Vida Maior, consente com o uso de cookies conforme descrito na nossa pol\u00edtica de privacidade.<\/p>\n<p><\/p>\n<p><strong>Licen\u00e7a de Uso<\/strong><\/p>\n<p>Salvo indica\u00e7\u00e3o em contr\u00e1rio, os direitos de propriedade intelectual de todo o material no website <a href=\"https:\/\/vidamaior.pt\/en\/\">www.vidamaior.pt<\/a> s\u00e3o exclusivos da Vida Maior, Lda. Est\u00e1 autorizado a visualizar e imprimir p\u00e1ginas do website para uso pessoal, sujeito \u00e0s restri\u00e7\u00f5es destes termos e condi\u00e7\u00f5es.<\/p>\n<p><\/p>\n<p><strong>Restri\u00e7\u00f5es de Uso<\/strong><\/p>\n<ul>\n<li>Republicar material do website www.vidamaior.pt<\/li>\n<li>Vender, alugar ou sub-licenciar material do website www.vidamaior.pt<\/li>\n<li>Reproduzir, duplicar ou copiar material do website www.vidamaior.pt<\/li>\n<li>Redistribuir qualquer conte\u00fado do website www.vidamaior.pt<\/li>\n<\/ul>\n<p><strong>Isen\u00e7\u00e3o de Responsabilidade<\/strong><\/p>\n<p>Dentro do m\u00e1ximo permitido por lei, exclu\u00edmos todas as representa\u00e7\u00f5es, garantias e condi\u00e7\u00f5es relacionadas ao website www.vidamaior.pt e ao seu uso.<\/p>\n<p><\/p>\n<p><strong>Limita\u00e7\u00f5es de Responsabilidade<\/strong><\/p>\n<p>N\u00e3o somos respons\u00e1veis por perdas ou danos de qualquer natureza que surjam em resultado da utiliza\u00e7\u00e3o do website www.vidamaior.pt ou em rela\u00e7\u00e3o ao seu conte\u00fado, incluindo responsabilidades que surjam em contrato, delito (incluindo neglig\u00eancia) e por viola\u00e7\u00e3o de deveres estatut\u00e1rios.<\/p>\n<p><\/p>\n<p>Estas condi\u00e7\u00f5es s\u00e3o regidas pelas leis de Portugal e qualquer disputa relacionada com estes termos e condi\u00e7\u00f5es ser\u00e1 submetida \u00e0 jurisdi\u00e7\u00e3o exclusiva dos tribunais portugueses.<\/p>\n<p>Para qualquer d\u00favida sobre estes termos e condi\u00e7\u00f5es, por favor contacte-nos atrav\u00e9s de geral@vidamaior.pt<\/p>\t\t\t\t\t\t\t\t<\/div>\n\t\t\t\t<\/div>\n\t\t\t\t\t<\/div>\n\t\t\t\t<\/div>\n\t\t\t\t<\/div>","protected":false},"excerpt":{"rendered":"<p>Termos e Condi\u00e7\u00f5es Introdu\u00e7\u00e3o Os presentes Termos e Condi\u00e7\u00f5es regulam o acesso e utiliza\u00e7\u00e3o do website www.vidamaior.pt, da responsabilidade da Vida Maior, Lda., com sede na Rua D. Segismundo Jos\u00e9 Meneses e Alarc\u00e3o, N\u00ba 32, Carvoeira TVD. Ao aceder a este website, aceita integralmente estes termos e condi\u00e7\u00f5es. Caso n\u00e3o concorde com algum dos termos [&hellip;]<\/p>","protected":false},"author":1,"featured_media":0,"parent":0,"menu_order":0,"comment_status":"closed","ping_status":"closed","template":"page-templates\/template-full-width-page-without-header-title.php","meta":{"om_disable_all_campaigns":false,"_monsterinsights_skip_tracking":false,"_monsterinsights_sitenote_active":false,"_monsterinsights_sitenote_note":"","_monsterinsights_sitenote_category":0,"_uf_show_specific_survey":0,"_uf_disable_surveys":false,"footnotes":""},"yoast_head":"<!-- This site is optimized with the Yoast SEO plugin v24.5 - https:\/\/yoast.com\/wordpress\/plugins\/seo\/ -->\n<title>Termos e Condi\u00e7\u00f5es - Vida Maior<\/title>\n<meta name=\"robots\" content=\"index, follow, max-snippet:-1, max-image-preview:large, max-video-preview:-1\" \/>\n<link rel=\"canonical\" href=\"https:\/\/vidamaior.pt\/en\/termos-e-condicoes\/\" \/>\n<meta property=\"og:locale\" content=\"en_GB\" \/>\n<meta property=\"og:type\" content=\"article\" \/>\n<meta property=\"og:title\" content=\"Termos e Condi\u00e7\u00f5es - Vida Maior\" \/>\n<meta property=\"og:description\" content=\"Termos e Condi\u00e7\u00f5es Introdu\u00e7\u00e3o Os presentes Termos e Condi\u00e7\u00f5es regulam o acesso e utiliza\u00e7\u00e3o do website www.vidamaior.pt, da responsabilidade da Vida Maior, Lda., com sede na Rua D. Segismundo Jos\u00e9 Meneses e Alarc\u00e3o, N\u00ba 32, Carvoeira TVD. Ao aceder a este website, aceita integralmente estes termos e condi\u00e7\u00f5es. Caso n\u00e3o concorde com algum dos termos [&hellip;]\" \/>\n<meta property=\"og:url\" content=\"https:\/\/vidamaior.pt\/en\/termos-e-condicoes\/\" \/>\n<meta property=\"og:site_name\" content=\"Vida Maior\" \/>\n<meta property=\"article:publisher\" content=\"https:\/\/www.facebook.com\/vidamaior.pt\/\" \/>\n<meta property=\"article:modified_time\" content=\"2024-05-01T16:13:12+00:00\" \/>\n<meta name=\"twitter:card\" content=\"summary_large_image\" \/>\n<meta name=\"twitter:label1\" content=\"Estimated reading time\" \/>\n\t<meta name=\"twitter:data1\" content=\"2 minutes\" \/>\n<script type=\"application\/ld+json\" class=\"yoast-schema-graph\">{\"@context\":\"https:\/\/schema.org\",\"@graph\":[{\"@type\":\"WebPage\",\"@id\":\"https:\/\/vidamaior.pt\/termos-e-condicoes\/\",\"url\":\"https:\/\/vidamaior.pt\/termos-e-condicoes\/\",\"name\":\"Termos e Condi\u00e7\u00f5es - Vida Maior\",\"isPartOf\":{\"@id\":\"https:\/\/vidamaior.pt\/#website\"},\"datePublished\":\"2024-05-01T16:06:46+00:00\",\"dateModified\":\"2024-05-01T16:13:12+00:00\",\"breadcrumb\":{\"@id\":\"https:\/\/vidamaior.pt\/termos-e-condicoes\/#breadcrumb\"},\"inLanguage\":\"en-GB\",\"potentialAction\":[{\"@type\":\"ReadAction\",\"target\":[\"https:\/\/vidamaior.pt\/termos-e-condicoes\/\"]}]},{\"@type\":\"BreadcrumbList\",\"@id\":\"https:\/\/vidamaior.pt\/termos-e-condicoes\/#breadcrumb\",\"itemListElement\":[{\"@type\":\"ListItem\",\"position\":1,\"name\":\"In\u00edcio\",\"item\":\"https:\/\/vidamaior.pt\/\"},{\"@type\":\"ListItem\",\"position\":2,\"name\":\"Termos e Condi\u00e7\u00f5es\"}]},{\"@type\":\"WebSite\",\"@id\":\"https:\/\/vidamaior.pt\/#website\",\"url\":\"https:\/\/vidamaior.pt\/\",\"name\":\"Vida Maior\",\"description\":\"Onde o tempo \u00e9 felicidade\",\"publisher\":{\"@id\":\"https:\/\/vidamaior.pt\/#organization\"},\"potentialAction\":[{\"@type\":\"SearchAction\",\"target\":{\"@type\":\"EntryPoint\",\"urlTemplate\":\"https:\/\/vidamaior.pt\/?s={search_term_string}\"},\"query-input\":{\"@type\":\"PropertyValueSpecification\",\"valueRequired\":true,\"valueName\":\"search_term_string\"}}],\"inLanguage\":\"en-GB\"},{\"@type\":\"Organization\",\"@id\":\"https:\/\/vidamaior.pt\/#organization\",\"name\":\"Vida Maior\",\"url\":\"https:\/\/vidamaior.pt\/\",\"logo\":{\"@type\":\"ImageObject\",\"inLanguage\":\"en-GB\",\"@id\":\"https:\/\/vidamaior.pt\/#\/schema\/logo\/image\/\",\"url\":\"https:\/\/vidamaior.pt\/wp-content\/uploads\/2024\/02\/Logotipo-2.png\",\"contentUrl\":\"https:\/\/vidamaior.pt\/wp-content\/uploads\/2024\/02\/Logotipo-2.png\",\"width\":670,\"height\":372,\"caption\":\"Vida Maior\"},\"image\":{\"@id\":\"https:\/\/vidamaior.pt\/#\/schema\/logo\/image\/\"},\"sameAs\":[\"https:\/\/www.facebook.com\/vidamaior.pt\/\",\"https:\/\/www.instagram.com\/vidamaior.pt\/\",\"https:\/\/www.linkedin.com\/company\/vida-maior\/\"]}]}<\/script>\n<!-- \/ Yoast SEO plugin. -->","yoast_head_json":{"title":"Termos e Condi\u00e7\u00f5es - Vida Maior","robots":{"index":"index","follow":"follow","max-snippet":"max-snippet:-1","max-image-preview":"max-image-preview:large","max-video-preview":"max-video-preview:-1"},"canonical":"https:\/\/vidamaior.pt\/en\/termos-e-condicoes\/","og_locale":"en_GB","og_type":"article","og_title":"Termos e Condi\u00e7\u00f5es - Vida Maior","og_description":"Termos e Condi\u00e7\u00f5es Introdu\u00e7\u00e3o Os presentes Termos e Condi\u00e7\u00f5es regulam o acesso e utiliza\u00e7\u00e3o do website www.vidamaior.pt, da responsabilidade da Vida Maior, Lda., com sede na Rua D. Segismundo Jos\u00e9 Meneses e Alarc\u00e3o, N\u00ba 32, Carvoeira TVD. Ao aceder a este website, aceita integralmente estes termos e condi\u00e7\u00f5es. Caso n\u00e3o concorde com algum dos termos [&hellip;]","og_url":"https:\/\/vidamaior.pt\/en\/termos-e-condicoes\/","og_site_name":"Vida Maior","article_publisher":"https:\/\/www.facebook.com\/vidamaior.pt\/","article_modified_time":"2024-05-01T16:13:12+00:00","twitter_card":"summary_large_image","twitter_misc":{"Estimated reading time":"2 minutes"},"schema":{"@context":"https:\/\/schema.org","@graph":[{"@type":"WebPage","@id":"https:\/\/vidamaior.pt\/termos-e-condicoes\/","url":"https:\/\/vidamaior.pt\/termos-e-condicoes\/","name":"Termos e Condi\u00e7\u00f5es - Vida Maior","isPartOf":{"@id":"https:\/\/vidamaior.pt\/#website"},"datePublished":"2024-05-01T16:06:46+00:00","dateModified":"2024-05-01T16:13:12+00:00","breadcrumb":{"@id":"https:\/\/vidamaior.pt\/termos-e-condicoes\/#breadcrumb"},"inLanguage":"en-GB","potentialAction":[{"@type":"ReadAction","target":["https:\/\/vidamaior.pt\/termos-e-condicoes\/"]}]},{"@type":"BreadcrumbList","@id":"https:\/\/vidamaior.pt\/termos-e-condicoes\/#breadcrumb","itemListElement":[{"@type":"ListItem","position":1,"name":"In\u00edcio","item":"https:\/\/vidamaior.pt\/"},{"@type":"ListItem","position":2,"name":"Termos e Condi\u00e7\u00f5es"}]},{"@type":"WebSite","@id":"https:\/\/vidamaior.pt\/#website","url":"https:\/\/vidamaior.pt\/","name":"Vida Maior","description":"Onde o tempo \u00e9 felicidade","publisher":{"@id":"https:\/\/vidamaior.pt\/#organization"},"potentialAction":[{"@type":"SearchAction","target":{"@type":"EntryPoint","urlTemplate":"https:\/\/vidamaior.pt\/?s={search_term_string}"},"query-input":{"@type":"PropertyValueSpecification","valueRequired":true,"valueName":"search_term_string"}}],"inLanguage":"en-GB"},{"@type":"Organization","@id":"https:\/\/vidamaior.pt\/#organization","name":"Vida Maior","url":"https:\/\/vidamaior.pt\/","logo":{"@type":"ImageObject","inLanguage":"en-GB","@id":"https:\/\/vidamaior.pt\/#\/schema\/logo\/image\/","url":"https:\/\/vidamaior.pt\/wp-content\/uploads\/2024\/02\/Logotipo-2.png","contentUrl":"https:\/\/vidamaior.pt\/wp-content\/uploads\/2024\/02\/Logotipo-2.png","width":670,"height":372,"caption":"Vida Maior"},"image":{"@id":"https:\/\/vidamaior.pt\/#\/schema\/logo\/image\/"},"sameAs":["https:\/\/www.facebook.com\/vidamaior.pt\/","https:\/\/www.instagram.com\/vidamaior.pt\/","https:\/\/www.linkedin.com\/company\/vida-maior\/"]}]}},"_links":{"self":[{"href":"https:\/\/vidamaior.pt\/en\/wp-json\/wp\/v2\/pages\/31643"}],"collection":[{"href":"https:\/\/vidamaior.pt\/en\/wp-json\/wp\/v2\/pages"}],"about":[{"href":"https:\/\/vidamaior.pt\/en\/wp-json\/wp\/v2\/types\/page"}],"author":[{"embeddable":true,"href":"https:\/\/vidamaior.pt\/en\/wp-json\/wp\/v2\/users\/1"}],"replies":[{"embeddable":true,"href":"https:\/\/vidamaior.pt\/en\/wp-json\/wp\/v2\/comments?post=31643"}],"version-history":[{"count":4,"href":"https:\/\/vidamaior.pt\/en\/wp-json\/wp\/v2\/pages\/31643\/revisions"}],"predecessor-version":[{"id":31651,"href":"https:\/\/vidamaior.pt\/en\/wp-json\/wp\/v2\/pages\/31643\/revisions\/31651"}],"wp:attachment":[{"href":"https:\/\/vidamaior.pt\/en\/wp-json\/wp\/v2\/media?parent=31643"}],"curies":[{"name":"wp","href":"https:\/\/api.w.org\/{rel}","templated":true}]}}