{"id":31644,"date":"2024-05-01T16:07:10","date_gmt":"2024-05-01T16:07:10","guid":{"rendered":"https:\/\/vidamaior.pt\/?page_id=31644"},"modified":"2024-05-01T16:19:39","modified_gmt":"2024-05-01T16:19:39","slug":"politica-de-privacidade","status":"publish","type":"page","link":"https:\/\/vidamaior.pt\/en\/politica-de-privacidade\/","title":{"rendered":"the Google Privacy Policy"},"content":{"rendered":"<div data-elementor-type=\"wp-page\" data-elementor-id=\"31644\" class=\"elementor elementor-31644\">\n\t\t\t\t\t\t<section class=\"elementor-section elementor-top-section elementor-element elementor-element-b52d1bc elementor-section-content-bottom elementor-section-boxed elementor-section-height-default elementor-section-height-default\" data-id=\"b52d1bc\" data-element_type=\"section\" data-settings=\"{&quot;background_background&quot;:&quot;classic&quot;}\">\n\t\t\t\t\t\t\t<div class=\"elementor-background-overlay\"><\/div>\n\t\t\t\t\t\t\t<div class=\"elementor-container elementor-column-gap-custom\">\n\t\t\t\t\t<div class=\"elementor-column elementor-col-100 elementor-top-column elementor-element elementor-element-415e6ef elementor-invisible\" data-id=\"415e6ef\" data-element_type=\"column\" data-settings=\"{&quot;animation&quot;:&quot;fadeIn&quot;}\">\n\t\t\t<div class=\"elementor-widget-wrap elementor-element-populated\">\n\t\t\t\t\t\t<section class=\"elementor-section elementor-inner-section elementor-element elementor-element-d9c4fe5 elementor-section-boxed elementor-section-height-default elementor-section-height-default\" data-id=\"d9c4fe5\" data-element_type=\"section\">\n\t\t\t\t\t\t<div class=\"elementor-container elementor-column-gap-default\">\n\t\t\t\t\t<div class=\"elementor-column elementor-col-100 elementor-inner-column elementor-element elementor-element-244cf97\" data-id=\"244cf97\" data-element_type=\"column\">\n\t\t\t<div class=\"elementor-widget-wrap elementor-element-populated\">\n\t\t\t\t\t\t<div class=\"elementor-element elementor-element-11a749d elementor-widget elementor-widget-text-editor\" data-id=\"11a749d\" data-element_type=\"widget\" data-widget_type=\"text-editor.default\">\n\t\t\t\t<div class=\"elementor-widget-container\">\n\t\t\t\t\t\t\t\t\t<p>the Google Privacy Policy<\/p>\t\t\t\t\t\t\t\t<\/div>\n\t\t\t\t<\/div>\n\t\t\t\t\t<\/div>\n\t\t<\/div>\n\t\t\t\t\t<\/div>\n\t\t<\/section>\n\t\t\t\t\t<\/div>\n\t\t<\/div>\n\t\t\t\t\t<\/div>\n\t\t<\/section>\n\t\t<div class=\"elementor-element elementor-element-d22ab7f e-flex e-con-boxed e-con e-parent\" data-id=\"d22ab7f\" data-element_type=\"container\">\n\t\t\t\t\t<div class=\"e-con-inner\">\n\t\t\t\t<div class=\"elementor-element elementor-element-6a998af elementor-widget elementor-widget-text-editor\" data-id=\"6a998af\" data-element_type=\"widget\" data-widget_type=\"text-editor.default\">\n\t\t\t\t<div class=\"elementor-widget-container\">\n\t\t\t\t\t\t\t\t\t<p><strong>Introdu\u00e7\u00e3o<\/strong><\/p><p>A presente Pol\u00edtica de Privacidade esclarece a forma como tratamos as informa\u00e7\u00f5es pessoais que recolhemos dos nossos visitantes e clientes. Ao utilizar os nossos servi\u00e7os, confirma que aceita as pr\u00e1ticas descritas nesta pol\u00edtica.<\/p><p><strong>Recolha de Dados<\/strong><\/p><p>Recolhemos informa\u00e7\u00f5es para fornecer e melhorar os nossos servi\u00e7os. Isto inclui:<\/p><ul><li>Dados que nos fornece diretamente (ex.: nome, e-mail e contactos).<\/li><li>Dados sobre a sua utiliza\u00e7\u00e3o dos nossos servi\u00e7os (ex.: registos de utiliza\u00e7\u00e3o).<\/li><\/ul><p><strong>Utiliza\u00e7\u00e3o dos Dados<\/strong><\/p><p>Usamos as informa\u00e7\u00f5es recolhidas para:<\/p><ul><li>Prestar e manter os nossos servi\u00e7os.<\/li><li>Inform\u00e1-lo sobre altera\u00e7\u00f5es nos nossos servi\u00e7os.<\/li><li>Permitir a sua participa\u00e7\u00e3o em funcionalidades interativas, se assim o desejar.<\/li><li>Prestar assist\u00eancia ao cliente.<\/li><li>Recolher an\u00e1lises ou informa\u00e7\u00f5es valiosas que nos permitam melhorar os nossos servi\u00e7os.<\/li><li>Monitorizar a utiliza\u00e7\u00e3o dos servi\u00e7os.<\/li><li>Detetar, prevenir e resolver problemas t\u00e9cnicos.<\/li><\/ul><p><strong>Partilha de Dados<\/strong><\/p><p>Podemos partilhar os seus dados pessoais com terceiros nas seguintes situa\u00e7\u00f5es:<\/p><ul><li>Com prestadores de servi\u00e7os: Empresas que prestam servi\u00e7os em nosso nome, como a o servi\u00e7o de alojamento do website.<\/li><li>Por raz\u00f5es legais: Partilhar dados para cumprir uma obriga\u00e7\u00e3o legal ou proteger os direitos da Vida Maior.<\/li><li>Com outros utilizadores: quando partilha informa\u00e7\u00f5es ou interage em \u00e1reas p\u00fablicas com outros utilizadores.<\/li><\/ul><p><strong>Seguran\u00e7a dos Dados<\/strong><\/p><p>A seguran\u00e7a dos seus dados \u00e9 importante para n\u00f3s, mas recordamos que nenhum m\u00e9todo de transmiss\u00e3o pela Internet ou m\u00e9todo de armazenamento eletr\u00f3nico \u00e9 completamente seguro. Apesar de nos esfor\u00e7armos por utilizar meios comercialmente aceit\u00e1veis para proteger os seus dados pessoais, n\u00e3o podemos garantir a sua seguran\u00e7a total.<\/p><p><strong>Altera\u00e7\u00f5es \u00e0 Pol\u00edtica de Privacidade<\/strong><\/p><p>Podemos atualizar a nossa Pol\u00edtica de Privacidade ocasionalmente. Inform\u00e1-lo-emos sobre quaisquer altera\u00e7\u00f5es, publicando a nova Pol\u00edtica de Privacidade nesta p\u00e1gina.<\/p><p><strong>Contacts<\/strong><\/p><p>Para qualquer d\u00favida sobre a nossa Pol\u00edtica de Privacidade, por favor contacte-nos atrav\u00e9s de geral@vidamaior.pt<\/p>\t\t\t\t\t\t\t\t<\/div>\n\t\t\t\t<\/div>\n\t\t\t\t\t<\/div>\n\t\t\t\t<\/div>\n\t\t\t\t<\/div>","protected":false},"excerpt":{"rendered":"<p>Pol\u00edtica de Privacidade Introdu\u00e7\u00e3o A presente Pol\u00edtica de Privacidade esclarece a forma como tratamos as informa\u00e7\u00f5es pessoais que recolhemos dos nossos visitantes e clientes. Ao utilizar os nossos servi\u00e7os, confirma que aceita as pr\u00e1ticas descritas nesta pol\u00edtica. Recolha de Dados Recolhemos informa\u00e7\u00f5es para fornecer e melhorar os nossos servi\u00e7os. Isto inclui: Dados que nos fornece [&hellip;]<\/p>","protected":false},"author":1,"featured_media":0,"parent":0,"menu_order":0,"comment_status":"closed","ping_status":"closed","template":"page-templates\/template-full-width-page-without-header-title.php","meta":{"om_disable_all_campaigns":false,"_monsterinsights_skip_tracking":false,"_monsterinsights_sitenote_active":false,"_monsterinsights_sitenote_note":"","_monsterinsights_sitenote_category":0,"_uf_show_specific_survey":0,"_uf_disable_surveys":false,"footnotes":""},"yoast_head":"<!-- This site is optimized with the Yoast SEO plugin v24.5 - https:\/\/yoast.com\/wordpress\/plugins\/seo\/ -->\n<title>Pol\u00edtica de Privacidade - Vida Maior<\/title>\n<meta name=\"robots\" content=\"index, follow, max-snippet:-1, max-image-preview:large, max-video-preview:-1\" \/>\n<link rel=\"canonical\" href=\"https:\/\/vidamaior.pt\/en\/politica-de-privacidade\/\" \/>\n<meta property=\"og:locale\" content=\"en_GB\" \/>\n<meta property=\"og:type\" content=\"article\" \/>\n<meta property=\"og:title\" content=\"Pol\u00edtica de Privacidade - Vida Maior\" \/>\n<meta property=\"og:description\" content=\"Pol\u00edtica de Privacidade Introdu\u00e7\u00e3o A presente Pol\u00edtica de Privacidade esclarece a forma como tratamos as informa\u00e7\u00f5es pessoais que recolhemos dos nossos visitantes e clientes. Ao utilizar os nossos servi\u00e7os, confirma que aceita as pr\u00e1ticas descritas nesta pol\u00edtica. Recolha de Dados Recolhemos informa\u00e7\u00f5es para fornecer e melhorar os nossos servi\u00e7os. Isto inclui: Dados que nos fornece [&hellip;]\" \/>\n<meta property=\"og:url\" content=\"https:\/\/vidamaior.pt\/en\/politica-de-privacidade\/\" \/>\n<meta property=\"og:site_name\" content=\"Vida Maior\" \/>\n<meta property=\"article:publisher\" content=\"https:\/\/www.facebook.com\/vidamaior.pt\/\" \/>\n<meta property=\"article:modified_time\" content=\"2024-05-01T16:19:39+00:00\" \/>\n<meta name=\"twitter:card\" content=\"summary_large_image\" \/>\n<meta name=\"twitter:label1\" content=\"Estimated reading time\" \/>\n\t<meta name=\"twitter:data1\" content=\"2 minutes\" \/>\n<script type=\"application\/ld+json\" class=\"yoast-schema-graph\">{\"@context\":\"https:\/\/schema.org\",\"@graph\":[{\"@type\":\"WebPage\",\"@id\":\"https:\/\/vidamaior.pt\/politica-de-privacidade\/\",\"url\":\"https:\/\/vidamaior.pt\/politica-de-privacidade\/\",\"name\":\"Pol\u00edtica de Privacidade - Vida Maior\",\"isPartOf\":{\"@id\":\"https:\/\/vidamaior.pt\/#website\"},\"datePublished\":\"2024-05-01T16:07:10+00:00\",\"dateModified\":\"2024-05-01T16:19:39+00:00\",\"breadcrumb\":{\"@id\":\"https:\/\/vidamaior.pt\/politica-de-privacidade\/#breadcrumb\"},\"inLanguage\":\"en-GB\",\"potentialAction\":[{\"@type\":\"ReadAction\",\"target\":[\"https:\/\/vidamaior.pt\/politica-de-privacidade\/\"]}]},{\"@type\":\"BreadcrumbList\",\"@id\":\"https:\/\/vidamaior.pt\/politica-de-privacidade\/#breadcrumb\",\"itemListElement\":[{\"@type\":\"ListItem\",\"position\":1,\"name\":\"In\u00edcio\",\"item\":\"https:\/\/vidamaior.pt\/\"},{\"@type\":\"ListItem\",\"position\":2,\"name\":\"Pol\u00edtica de Privacidade\"}]},{\"@type\":\"WebSite\",\"@id\":\"https:\/\/vidamaior.pt\/#website\",\"url\":\"https:\/\/vidamaior.pt\/\",\"name\":\"Vida Maior\",\"description\":\"Onde o tempo \u00e9 felicidade\",\"publisher\":{\"@id\":\"https:\/\/vidamaior.pt\/#organization\"},\"potentialAction\":[{\"@type\":\"SearchAction\",\"target\":{\"@type\":\"EntryPoint\",\"urlTemplate\":\"https:\/\/vidamaior.pt\/?s={search_term_string}\"},\"query-input\":{\"@type\":\"PropertyValueSpecification\",\"valueRequired\":true,\"valueName\":\"search_term_string\"}}],\"inLanguage\":\"en-GB\"},{\"@type\":\"Organization\",\"@id\":\"https:\/\/vidamaior.pt\/#organization\",\"name\":\"Vida Maior\",\"url\":\"https:\/\/vidamaior.pt\/\",\"logo\":{\"@type\":\"ImageObject\",\"inLanguage\":\"en-GB\",\"@id\":\"https:\/\/vidamaior.pt\/#\/schema\/logo\/image\/\",\"url\":\"https:\/\/vidamaior.pt\/wp-content\/uploads\/2024\/02\/Logotipo-2.png\",\"contentUrl\":\"https:\/\/vidamaior.pt\/wp-content\/uploads\/2024\/02\/Logotipo-2.png\",\"width\":670,\"height\":372,\"caption\":\"Vida Maior\"},\"image\":{\"@id\":\"https:\/\/vidamaior.pt\/#\/schema\/logo\/image\/\"},\"sameAs\":[\"https:\/\/www.facebook.com\/vidamaior.pt\/\",\"https:\/\/www.instagram.com\/vidamaior.pt\/\",\"https:\/\/www.linkedin.com\/company\/vida-maior\/\"]}]}<\/script>\n<!-- \/ Yoast SEO plugin. -->","yoast_head_json":{"title":"Pol\u00edtica de Privacidade - Vida Maior","robots":{"index":"index","follow":"follow","max-snippet":"max-snippet:-1","max-image-preview":"max-image-preview:large","max-video-preview":"max-video-preview:-1"},"canonical":"https:\/\/vidamaior.pt\/en\/politica-de-privacidade\/","og_locale":"en_GB","og_type":"article","og_title":"Pol\u00edtica de Privacidade - Vida Maior","og_description":"Pol\u00edtica de Privacidade Introdu\u00e7\u00e3o A presente Pol\u00edtica de Privacidade esclarece a forma como tratamos as informa\u00e7\u00f5es pessoais que recolhemos dos nossos visitantes e clientes. Ao utilizar os nossos servi\u00e7os, confirma que aceita as pr\u00e1ticas descritas nesta pol\u00edtica. Recolha de Dados Recolhemos informa\u00e7\u00f5es para fornecer e melhorar os nossos servi\u00e7os. Isto inclui: Dados que nos fornece [&hellip;]","og_url":"https:\/\/vidamaior.pt\/en\/politica-de-privacidade\/","og_site_name":"Vida Maior","article_publisher":"https:\/\/www.facebook.com\/vidamaior.pt\/","article_modified_time":"2024-05-01T16:19:39+00:00","twitter_card":"summary_large_image","twitter_misc":{"Estimated reading time":"2 minutes"},"schema":{"@context":"https:\/\/schema.org","@graph":[{"@type":"WebPage","@id":"https:\/\/vidamaior.pt\/politica-de-privacidade\/","url":"https:\/\/vidamaior.pt\/politica-de-privacidade\/","name":"Pol\u00edtica de Privacidade - Vida Maior","isPartOf":{"@id":"https:\/\/vidamaior.pt\/#website"},"datePublished":"2024-05-01T16:07:10+00:00","dateModified":"2024-05-01T16:19:39+00:00","breadcrumb":{"@id":"https:\/\/vidamaior.pt\/politica-de-privacidade\/#breadcrumb"},"inLanguage":"en-GB","potentialAction":[{"@type":"ReadAction","target":["https:\/\/vidamaior.pt\/politica-de-privacidade\/"]}]},{"@type":"BreadcrumbList","@id":"https:\/\/vidamaior.pt\/politica-de-privacidade\/#breadcrumb","itemListElement":[{"@type":"ListItem","position":1,"name":"In\u00edcio","item":"https:\/\/vidamaior.pt\/"},{"@type":"ListItem","position":2,"name":"Pol\u00edtica de Privacidade"}]},{"@type":"WebSite","@id":"https:\/\/vidamaior.pt\/#website","url":"https:\/\/vidamaior.pt\/","name":"Vida Maior","description":"Onde o tempo \u00e9 felicidade","publisher":{"@id":"https:\/\/vidamaior.pt\/#organization"},"potentialAction":[{"@type":"SearchAction","target":{"@type":"EntryPoint","urlTemplate":"https:\/\/vidamaior.pt\/?s={search_term_string}"},"query-input":{"@type":"PropertyValueSpecification","valueRequired":true,"valueName":"search_term_string"}}],"inLanguage":"en-GB"},{"@type":"Organization","@id":"https:\/\/vidamaior.pt\/#organization","name":"Vida Maior","url":"https:\/\/vidamaior.pt\/","logo":{"@type":"ImageObject","inLanguage":"en-GB","@id":"https:\/\/vidamaior.pt\/#\/schema\/logo\/image\/","url":"https:\/\/vidamaior.pt\/wp-content\/uploads\/2024\/02\/Logotipo-2.png","contentUrl":"https:\/\/vidamaior.pt\/wp-content\/uploads\/2024\/02\/Logotipo-2.png","width":670,"height":372,"caption":"Vida Maior"},"image":{"@id":"https:\/\/vidamaior.pt\/#\/schema\/logo\/image\/"},"sameAs":["https:\/\/www.facebook.com\/vidamaior.pt\/","https:\/\/www.instagram.com\/vidamaior.pt\/","https:\/\/www.linkedin.com\/company\/vida-maior\/"]}]}},"_links":{"self":[{"href":"https:\/\/vidamaior.pt\/en\/wp-json\/wp\/v2\/pages\/31644"}],"collection":[{"href":"https:\/\/vidamaior.pt\/en\/wp-json\/wp\/v2\/pages"}],"about":[{"href":"https:\/\/vidamaior.pt\/en\/wp-json\/wp\/v2\/types\/page"}],"author":[{"embeddable":true,"href":"https:\/\/vidamaior.pt\/en\/wp-json\/wp\/v2\/users\/1"}],"replies":[{"embeddable":true,"href":"https:\/\/vidamaior.pt\/en\/wp-json\/wp\/v2\/comments?post=31644"}],"version-history":[{"count":7,"href":"https:\/\/vidamaior.pt\/en\/wp-json\/wp\/v2\/pages\/31644\/revisions"}],"predecessor-version":[{"id":31657,"href":"https:\/\/vidamaior.pt\/en\/wp-json\/wp\/v2\/pages\/31644\/revisions\/31657"}],"wp:attachment":[{"href":"https:\/\/vidamaior.pt\/en\/wp-json\/wp\/v2\/media?parent=31644"}],"curies":[{"name":"wp","href":"https:\/\/api.w.org\/{rel}","templated":true}]}}